{"id":1019,"date":"2022-05-19T00:13:25","date_gmt":"2022-05-18T23:13:25","guid":{"rendered":"http:\/\/more4home.com\/?post_type=product&#038;p=1019"},"modified":"2025-02-10T11:11:05","modified_gmt":"2025-02-10T10:11:05","slug":"3-in-1-kokendwaterkraan-chroom-rvs-c-vorm","status":"publish","type":"product","link":"https:\/\/more4home.com\/?product=3-in-1-kokendwaterkraan-chroom-rvs-c-vorm","title":{"rendered":"3-in-1 kokendwaterkraan chroom RVS C-vorm"},"content":{"rendered":"<p><span style=\"vertical-align: inherit;\"><span style=\"vertical-align: inherit;\">Vergeet de waterkoker y moderniseer uw keuken. Voeg de kokendwaterkraan toe aan u keukeninrichting y geniet van kokend water rechtstreeks uit de kraan.<\/span><\/span><\/p>\n<p><span style=\"vertical-align: inherit;\"><span style=\"vertical-align: inherit;\">El agua cocida no es perfecta para el agua del caf\u00e9, sino que tambi\u00e9n es perfecta para los panes y las bebidas. La funci\u00f3n de agua de cocci\u00f3n se activa de puntillas en la puerta con la ranura para ni\u00f1os. Este calentador tiene una capacidad de 2,4 litros de agua potable.<\/span><\/span><\/p>\n<p><span style=\"vertical-align: inherit;\"><span style=\"vertical-align: inherit;\">De constructie geeft de kraan een \u200b\u200buitstekende corrosiebescherming y de duurzame afwerking van de kraan zorgt ervoor dat hij er jarenlang als nieuw uit blijft zien.<\/span><\/span><\/p>\n<p><span style=\"vertical-align: inherit;\"><span style=\"vertical-align: inherit;\">Aseg\u00farese de que el filtro de cal y metal se haya sumergido en el agua caliente, lo que le permitir\u00e1 evitar el deterioro del color del cabello. No derrame agua m\u00e1s terwijl u wacht tot the t er c\u00e1lido uitkomt.<\/span><\/span><\/p>\n","protected":false},"excerpt":{"rendered":"<p><span style=\"vertical-align: inherit;\"><span style=\"vertical-align: inherit;\">Denk aan het aantal keren dat u water per dag moet koken \u2013 y hoeveel tijd u verspilt met wachten tot het kookt.<\/span><\/span><\/p>\n<p><span style=\"vertical-align: inherit;\"><span style=\"vertical-align: inherit;\">Stelt u zich nu eens voor dat u tijd kunt besparen, het gas- and elektriciteitsverbruik kunt verminderen y tegelijkertijd meer ruimte in uw keuken kunt krijgen.<\/span><\/span><\/p>\n<p><span style=\"vertical-align: inherit;\"><span style=\"vertical-align: inherit;\">Esto es lo que More4Home 3 en 1 puede hacer: un elegante sistema integrado con agua caliente a 98\u00baC directamente al grifo, velado y palanca directa.<\/span><\/span><\/p>\n<p><span style=\"vertical-align: inherit;\"><span style=\"vertical-align: inherit;\">Si je eenmaal alle voordelen ontdekt die deze geweldige keukenhulp je biedt, vergeet je wat je eerder deed.<\/span><\/span><\/p>\n","protected":false},"featured_media":1326,"comment_status":"open","ping_status":"closed","template":"","meta":{"site-sidebar-layout":"default","site-content-layout":"default","ast-global-header-display":"","ast-main-header-display":"","ast-hfb-above-header-display":"","ast-hfb-below-header-display":"","ast-hfb-mobile-header-display":"","site-post-title":"","ast-breadcrumbs-content":"","ast-featured-img":"","footer-sml-layout":"","theme-transparent-header-meta":"default","adv-header-id-meta":"","stick-header-meta":"","header-above-stick-meta":"","header-main-stick-meta":"","header-below-stick-meta":""},"product_cat":[15],"product_tag":[],"class_list":{"0":"post-1019","1":"product","2":"type-product","3":"status-publish","4":"has-post-thumbnail","6":"product_cat-uncategorized","7":"desktop-align-left","8":"tablet-align-left","9":"mobile-align-left","11":"first","12":"instock","13":"sale","14":"taxable","15":"shipping-taxable","16":"purchasable","17":"product-type-simple"},"yoast_head":"<!-- This site is optimized with the Yoast SEO plugin v19.9 - https:\/\/yoast.com\/wordpress\/plugins\/seo\/ -->\n<title>3-in-1 kokendwaterkraan chroom RVS C-vorm - More4Home<\/title>\n<meta name=\"robots\" content=\"index, follow, max-snippet:-1, max-image-preview:large, max-video-preview:-1\" \/>\n<link rel=\"canonical\" href=\"https:\/\/more4home.com\/?product=3-in-1-kokendwaterkraan-chroom-rvs-c-vorm\" \/>\n<meta property=\"og:locale\" content=\"nl_NL\" \/>\n<meta property=\"og:type\" content=\"article\" \/>\n<meta property=\"og:title\" content=\"3-in-1 kokendwaterkraan chroom RVS C-vorm - More4Home\" \/>\n<meta property=\"og:description\" content=\"Denk aan het aantal keren dat u water per dag moet koken \u2013 y hoeveel tijd u verspilt met wachten tot het kookt.  Stelt u zich nu eens voor dat u tijd kunt besparen, het gas- and elektriciteitsverbruik kunt verminderen y tegelijkertijd meer ruimte in uw keuken kunt krijgen.  Esto es lo que More4Home 3 en 1 puede hacer: un elegante sistema integrado con agua caliente a 98\u00baC directamente al grifo, velado y palanca directa.  Si je eenmaal alle voordelen ontdekt die deze geweldige keukenhulp je biedt, vergeet je wat je eerder deed.\" \/>\n<meta property=\"og:url\" content=\"https:\/\/more4home.com\/?product=3-in-1-kokendwaterkraan-chroom-rvs-c-vorm\" \/>\n<meta property=\"og:site_name\" content=\"More4Home\" \/>\n<meta property=\"article:publisher\" content=\"https:\/\/www.facebook.com\/more4home\" \/>\n<meta property=\"article:modified_time\" content=\"2025-02-10T10:11:05+00:00\" \/>\n<meta property=\"og:image\" content=\"https:\/\/more4home.com\/wp-content\/uploads\/2022\/05\/C-cromado-M4H.png\" \/>\n\t<meta property=\"og:image:width\" content=\"1080\" \/>\n\t<meta property=\"og:image:height\" content=\"1080\" \/>\n\t<meta property=\"og:image:type\" content=\"image\/png\" \/>\n<meta name=\"twitter:card\" content=\"summary_large_image\" \/>\n<meta name=\"twitter:label1\" content=\"Geschatte leestijd\" \/>\n\t<meta name=\"twitter:data1\" content=\"1 minuut\" \/>\n<script type=\"application\/ld+json\" class=\"yoast-schema-graph\">{\"@context\":\"https:\/\/schema.org\",\"@graph\":[{\"@type\":\"WebPage\",\"@id\":\"https:\/\/more4home.com\/?product=3-in-1-kokendwaterkraan-chroom-rvs-c-vorm\",\"url\":\"https:\/\/more4home.com\/?product=3-in-1-kokendwaterkraan-chroom-rvs-c-vorm\",\"name\":\"3-in-1 kokendwaterkraan chroom RVS C-vorm - More4Home\",\"isPartOf\":{\"@id\":\"https:\/\/more4home.com\/#website\"},\"datePublished\":\"2022-05-18T23:13:25+00:00\",\"dateModified\":\"2025-02-10T10:11:05+00:00\",\"breadcrumb\":{\"@id\":\"https:\/\/more4home.com\/?product=3-in-1-kokendwaterkraan-chroom-rvs-c-vorm#breadcrumb\"},\"inLanguage\":\"nl-NL\",\"potentialAction\":[{\"@type\":\"ReadAction\",\"target\":[\"https:\/\/more4home.com\/?product=3-in-1-kokendwaterkraan-chroom-rvs-c-vorm\"]}]},{\"@type\":\"BreadcrumbList\",\"@id\":\"https:\/\/more4home.com\/?product=3-in-1-kokendwaterkraan-chroom-rvs-c-vorm#breadcrumb\",\"itemListElement\":[{\"@type\":\"ListItem\",\"position\":1,\"name\":\"Home\",\"item\":\"https:\/\/more4home.com\/\"},{\"@type\":\"ListItem\",\"position\":2,\"name\":\"Shop\",\"item\":\"https:\/\/more4home.com\/?page_id=997\"},{\"@type\":\"ListItem\",\"position\":3,\"name\":\"3-in-1 kokendwaterkraan chroom RVS C-vorm\"}]},{\"@type\":\"WebSite\",\"@id\":\"https:\/\/more4home.com\/#website\",\"url\":\"https:\/\/more4home.com\/\",\"name\":\"More4Home\",\"description\":\"Making Life Handy\",\"publisher\":{\"@id\":\"https:\/\/more4home.com\/#organization\"},\"potentialAction\":[{\"@type\":\"SearchAction\",\"target\":{\"@type\":\"EntryPoint\",\"urlTemplate\":\"https:\/\/more4home.com\/?s={search_term_string}\"},\"query-input\":\"required name=search_term_string\"}],\"inLanguage\":\"nl-NL\"},{\"@type\":\"Organization\",\"@id\":\"https:\/\/more4home.com\/#organization\",\"name\":\"More4Home\",\"url\":\"https:\/\/more4home.com\/\",\"logo\":{\"@type\":\"ImageObject\",\"inLanguage\":\"nl-NL\",\"@id\":\"https:\/\/more4home.com\/#\/schema\/logo\/image\/\",\"url\":\"https:\/\/more4home.com\/wp-content\/uploads\/2022\/03\/logo-alargado-justo.png\",\"contentUrl\":\"https:\/\/more4home.com\/wp-content\/uploads\/2022\/03\/logo-alargado-justo.png\",\"width\":1920,\"height\":400,\"caption\":\"More4Home\"},\"image\":{\"@id\":\"https:\/\/more4home.com\/#\/schema\/logo\/image\/\"},\"sameAs\":[\"https:\/\/www.instagram.com\/more4home\/\",\"https:\/\/www.facebook.com\/more4home\"]}]}<\/script>\n<!-- \/ Yoast SEO plugin. -->","yoast_head_json":{"title":"3-in-1 kokendwaterkraan chroom RVS C-vorm - More4Home","robots":{"index":"index","follow":"follow","max-snippet":"max-snippet:-1","max-image-preview":"max-image-preview:large","max-video-preview":"max-video-preview:-1"},"canonical":"https:\/\/more4home.com\/?product=3-in-1-kokendwaterkraan-chroom-rvs-c-vorm","og_locale":"nl_NL","og_type":"article","og_title":"3-in-1 kokendwaterkraan chroom RVS C-vorm - More4Home","og_description":"Denk aan het aantal keren dat u water per dag moet koken \u2013 y hoeveel tijd u verspilt met wachten tot het kookt.  Stelt u zich nu eens voor dat u tijd kunt besparen, het gas- and elektriciteitsverbruik kunt verminderen y tegelijkertijd meer ruimte in uw keuken kunt krijgen.  Esto es lo que More4Home 3 en 1 puede hacer: un elegante sistema integrado con agua caliente a 98\u00baC directamente al grifo, velado y palanca directa.  Si je eenmaal alle voordelen ontdekt die deze geweldige keukenhulp je biedt, vergeet je wat je eerder deed.","og_url":"https:\/\/more4home.com\/?product=3-in-1-kokendwaterkraan-chroom-rvs-c-vorm","og_site_name":"More4Home","article_publisher":"https:\/\/www.facebook.com\/more4home","article_modified_time":"2025-02-10T10:11:05+00:00","og_image":[{"width":1080,"height":1080,"url":"https:\/\/more4home.com\/wp-content\/uploads\/2022\/05\/C-cromado-M4H.png","type":"image\/png"}],"twitter_card":"summary_large_image","twitter_misc":{"Geschatte leestijd":"1 minuut"},"schema":{"@context":"https:\/\/schema.org","@graph":[{"@type":"WebPage","@id":"https:\/\/more4home.com\/?product=3-in-1-kokendwaterkraan-chroom-rvs-c-vorm","url":"https:\/\/more4home.com\/?product=3-in-1-kokendwaterkraan-chroom-rvs-c-vorm","name":"3-in-1 kokendwaterkraan chroom RVS C-vorm - More4Home","isPartOf":{"@id":"https:\/\/more4home.com\/#website"},"datePublished":"2022-05-18T23:13:25+00:00","dateModified":"2025-02-10T10:11:05+00:00","breadcrumb":{"@id":"https:\/\/more4home.com\/?product=3-in-1-kokendwaterkraan-chroom-rvs-c-vorm#breadcrumb"},"inLanguage":"nl-NL","potentialAction":[{"@type":"ReadAction","target":["https:\/\/more4home.com\/?product=3-in-1-kokendwaterkraan-chroom-rvs-c-vorm"]}]},{"@type":"BreadcrumbList","@id":"https:\/\/more4home.com\/?product=3-in-1-kokendwaterkraan-chroom-rvs-c-vorm#breadcrumb","itemListElement":[{"@type":"ListItem","position":1,"name":"Home","item":"https:\/\/more4home.com\/"},{"@type":"ListItem","position":2,"name":"Shop","item":"https:\/\/more4home.com\/?page_id=997"},{"@type":"ListItem","position":3,"name":"3-in-1 kokendwaterkraan chroom RVS C-vorm"}]},{"@type":"WebSite","@id":"https:\/\/more4home.com\/#website","url":"https:\/\/more4home.com\/","name":"More4Home","description":"Making Life Handy","publisher":{"@id":"https:\/\/more4home.com\/#organization"},"potentialAction":[{"@type":"SearchAction","target":{"@type":"EntryPoint","urlTemplate":"https:\/\/more4home.com\/?s={search_term_string}"},"query-input":"required name=search_term_string"}],"inLanguage":"nl-NL"},{"@type":"Organization","@id":"https:\/\/more4home.com\/#organization","name":"More4Home","url":"https:\/\/more4home.com\/","logo":{"@type":"ImageObject","inLanguage":"nl-NL","@id":"https:\/\/more4home.com\/#\/schema\/logo\/image\/","url":"https:\/\/more4home.com\/wp-content\/uploads\/2022\/03\/logo-alargado-justo.png","contentUrl":"https:\/\/more4home.com\/wp-content\/uploads\/2022\/03\/logo-alargado-justo.png","width":1920,"height":400,"caption":"More4Home"},"image":{"@id":"https:\/\/more4home.com\/#\/schema\/logo\/image\/"},"sameAs":["https:\/\/www.instagram.com\/more4home\/","https:\/\/www.facebook.com\/more4home"]}]}},"_links":{"self":[{"href":"https:\/\/more4home.com\/index.php?rest_route=\/wp\/v2\/product\/1019","targetHints":{"allow":["GET"]}}],"collection":[{"href":"https:\/\/more4home.com\/index.php?rest_route=\/wp\/v2\/product"}],"about":[{"href":"https:\/\/more4home.com\/index.php?rest_route=\/wp\/v2\/types\/product"}],"replies":[{"embeddable":true,"href":"https:\/\/more4home.com\/index.php?rest_route=%2Fwp%2Fv2%2Fcomments&post=1019"}],"wp:featuredmedia":[{"embeddable":true,"href":"https:\/\/more4home.com\/index.php?rest_route=\/wp\/v2\/media\/1326"}],"wp:attachment":[{"href":"https:\/\/more4home.com\/index.php?rest_route=%2Fwp%2Fv2%2Fmedia&parent=1019"}],"wp:term":[{"taxonomy":"product_cat","embeddable":true,"href":"https:\/\/more4home.com\/index.php?rest_route=%2Fwp%2Fv2%2Fproduct_cat&post=1019"},{"taxonomy":"product_tag","embeddable":true,"href":"https:\/\/more4home.com\/index.php?rest_route=%2Fwp%2Fv2%2Fproduct_tag&post=1019"}],"curies":[{"name":"wp","href":"https:\/\/api.w.org\/{rel}","templated":true}]}}